{"id":675,"date":"2017-12-15T17:58:48","date_gmt":"2017-12-15T17:58:48","guid":{"rendered":"http:\/\/etowers-30.net\/~ulcsyhg\/?page_id=675"},"modified":"2025-06-27T00:41:44","modified_gmt":"2025-06-27T00:41:44","slug":"nuestra-mision-2","status":"publish","type":"page","link":"https:\/\/www.ucalnacional.org\/index.php\/nuestra-mision-2\/","title":{"rendered":"Qu\u00e9 Hacemos"},"content":{"rendered":"<h1>\u00a0<\/h1>\n\n\n<p><\/p>\n\n\n\n<div class=\"wp-block-uagb-container uagb-block-hb3ckj3t alignfull uagb-is-root-container\"><div class=\"uagb-container-inner-blocks-wrap\">\n<div class=\"wp-block-uagb-info-box uagb-block-xfejaist uagb-infobox__content-wrap  uagb-infobox-icon-above-title uagb-infobox-image-valign-top\"><div class=\"uagb-ifb-content\"><div class=\"uagb-ifb-title-wrap\"><h1 class=\"uagb-ifb-title\">Nuestro Prop\u00f3sito<\/h1><\/div><p class=\"uagb-ifb-desc\">Conoc\u00e9 nuestros valores, visi\u00f3n y misi\u00f3n.<\/p><\/div><\/div>\n<\/div><\/div>\n\n\n\n<p><\/p>\n\n\n\n<div class=\"wp-block-uagb-container uagb-block-ai2v3naj alignfull uagb-is-root-container\"><div class=\"uagb-container-inner-blocks-wrap\">\n<div class=\"wp-block-uagb-info-box uagb-block-ycydgw5h uagb-infobox__content-wrap  uagb-infobox-icon-above-title uagb-infobox-image-valign-top\"><div class=\"uagb-ifb-content\"><div class=\"uagb-ifb-title-wrap\"><h2 class=\"uagb-ifb-title\">Conectar a la colectividad libanesa con sus ra\u00edces.<\/h2><\/div><p class=\"uagb-ifb-desc\">El objetivo de UCAL es servir como un puente cultural entre Argentina y L\u00edbano, celebrando nuestras tradiciones y promoviendo un entendimiento mutuo. Nos dedicamos a reunir a la colectividad libanesa en todo el pa\u00eds (emigrados, hijos, nietos y descendientes), manteniendo vivas nuestras costumbres a trav\u00e9s de actividades culturales, educativas y sociales que enriquecen nuestra colectividad y a la comunidad en general.<br><br>Desde UCAL creemos firmemente en la importancia de los lazos de amistad entre argentina y L\u00edbano, y nuestras actividades est\u00e1n orientadas a reforzar estos lazos a trav\u00e9s de iniciativas conjuntas de \u00edndole cultural, social, tur\u00edstica y econ\u00f3mica. Trabajamos para fortalecer las relaciones en todas estas \u00e1reas, promoviendo y acompa\u00f1ando todas las iniciativas que persigan ese mismo fin.<br><br>Nos dedicamos con especial inter\u00e9s a preservar y difundir el vasto y rico patrimonio cultural de L\u00edbano en Argentina, al mismo tiempo que compartimos aspectos culturales argentinos con la comunidad libanesa, promoviendo un di\u00e1logo intercultural continuo. En UCAL, entendemos esta labor desde un concepto de sostenibilidad, que implica un compromiso profundo con la preservaci\u00f3n y el fortalecimiento de nuestra herencia cultural. No solo mantenemos vivas las tradiciones libanesas y argentinas, sino que las celebramos y compartimos activamente para asegurar que sigan siendo una parte vibrante y relevante en la cotidianidad de nuestras comunidades. Nuestra aproximaci\u00f3n a la sostenibilidad cultural incluye:<\/p><\/div><\/div>\n\n\n\n<div class=\"wp-block-uagb-container uagb-block-zsxdbcii\">\n<div class=\"wp-block-uagb-container uagb-block-be2ltwza\">\n<div class=\"wp-block-uagb-container uagb-block-5dmi8ayz\">\n<div class=\"wp-block-uagb-advanced-heading uagb-block-78lpcdua\"><h3 class=\"uagb-heading-text\"><strong>Preservaci\u00f3n Activa<\/strong>:<\/h3><\/div>\n<\/div>\n\n\n\n<div class=\"wp-block-uagb-container uagb-block-xt2vbzqn\">\n<div class=\"wp-block-uagb-advanced-heading uagb-block-jvjjkqei\"><p class=\"uagb-heading-text\">Trabajamos para asegurar que las tradiciones y valores libaneses se mantengan intactos y sean transmitidos con orgullo a las nuevas generaciones.<br><\/p><\/div>\n<\/div>\n<\/div>\n\n\n\n<div class=\"wp-block-uagb-container uagb-block-6fywwjaz\">\n<div class=\"wp-block-uagb-container uagb-block-zndoebgs\">\n<div class=\"wp-block-uagb-advanced-heading uagb-block-umyvm8px\"><h3 class=\"uagb-heading-text\"><strong>Innovaci\u00f3n Cultural<\/strong>: <\/h3><\/div>\n<\/div>\n\n\n\n<div class=\"wp-block-uagb-container uagb-block-rghiojaw\">\n<div class=\"wp-block-uagb-advanced-heading uagb-block-mvjck41r\"><p class=\"uagb-heading-text\">Adaptamos nuestras pr\u00e1cticas culturales a los tiempos modernos, creando eventos y actividades que atraigan tanto a j\u00f3venes como a adultos, manteniendo nuestra herencia cultural relevante y accesible.<br><\/p><\/div>\n<\/div>\n<\/div>\n\n\n\n<div class=\"wp-block-uagb-container uagb-block-08de86c3\">\n<div class=\"wp-block-uagb-container uagb-block-2a1a7974\">\n<div class=\"wp-block-uagb-advanced-heading uagb-block-a8ab16fc\"><h3 class=\"uagb-heading-text\"><strong>Intercambio y Aprendizaje<\/strong>: <\/h3><\/div>\n<\/div>\n\n\n\n<div class=\"wp-block-uagb-container uagb-block-cce10f22\">\n<div class=\"wp-block-uagb-advanced-heading uagb-block-52487d7a\"><p class=\"uagb-heading-text\">Facilitamos el di\u00e1logo intercultural entre nuestras comunidades para enriquecer y expandir nuestro entendimiento y aprecio mutuo, fortaleciendo as\u00ed los lazos entre Argentina y L\u00edbano.<\/p><\/div>\n<\/div>\n<\/div>\n<\/div>\n<\/div><\/div>\n\n\n\n<p><\/p>\n\n\n\n<div class=\"wp-block-uagb-container uagb-block-wqkvgwog alignfull uagb-is-root-container\"><div class=\"uagb-container-inner-blocks-wrap\">\n<div class=\"wp-block-uagb-info-box uagb-block-3jl3l8d6 uagb-infobox__content-wrap  uagb-infobox-icon-above-title uagb-infobox-image-valign-top\"><div class=\"uagb-ifb-content\"><div class=\"uagb-ifb-title-wrap\"><h1 class=\"uagb-ifb-title\">Presencia en todo el pa\u00eds<\/h1><\/div><p class=\"uagb-ifb-desc\">Nuestro objetivo es asegurar que la riqueza cultural libanesa que compartimos no solo perdure, sino que tambi\u00e9n evolucione y prospere. Con ese prop\u00f3sito trabajamos activamente promoviendo la fundaci\u00f3n de nuevas filiales de UCAL en todo el pa\u00eds y a fortalecer las ya existentes, asegurando los espacios de contacto para que nuestra colectividad pueda reunirse, dialogar y trabajar en forma mancomunada alineada con los objetivos culturales y sociales de nuestra organizaci\u00f3n.<\/p><\/div><\/div>\n<\/div><\/div>\n\n\n\n<p><\/p>\n\n\n\n<div class=\"wp-block-uagb-container uagb-block-c9jals5j alignfull uagb-is-root-container\"><div class=\"uagb-container-inner-blocks-wrap\">\n<div class=\"wp-block-uagb-container uagb-block-rkkn8g3m\">\n<div class=\"wp-block-uagb-container uagb-block-utggkhht\">\n<div class=\"wp-block-uagb-image alignleft uagb-block-pwcnk0bk wp-block-uagb-image--layout-default wp-block-uagb-image--effect-static wp-block-uagb-image--align-left\"><figure class=\"wp-block-uagb-image__figure\"><img decoding=\"async\" srcset=\"https:\/\/www.ucalnacional.org\/wp-content\/uploads\/2025\/06\/WhatsApp-Image-2025-06-11-at-17.19.01-1-1024x782.jpeg ,https:\/\/www.ucalnacional.org\/wp-content\/uploads\/2025\/06\/WhatsApp-Image-2025-06-11-at-17.19.01-1.jpeg 780w, https:\/\/www.ucalnacional.org\/wp-content\/uploads\/2025\/06\/WhatsApp-Image-2025-06-11-at-17.19.01-1.jpeg 360w\" sizes=\"auto, (max-width: 480px) 150px\" src=\"https:\/\/www.ucalnacional.org\/wp-content\/uploads\/2025\/06\/WhatsApp-Image-2025-06-11-at-17.19.01-1-1024x782.jpeg\" alt=\"\" class=\"uag-image-1206\" width=\"576\" height=\"400\" title=\"WhatsApp Image 2025-06-11 at 17.19.01 (1)\" loading=\"lazy\" role=\"img\"\/><\/figure><\/div>\n\n\n\n<div class=\"wp-block-uagb-info-box uagb-block-vdl3g9mx uagb-infobox__content-wrap  uagb-infobox-icon-above-title uagb-infobox-image-valign-top\"><div class=\"uagb-ifb-content\"><div class=\"uagb-ifb-title-wrap\"><h3 class=\"uagb-ifb-title\">Misi\u00f3n<\/h3><\/div><p class=\"uagb-ifb-desc\"><em>\u00abPromover la cultura libanesa y facilitar el intercambio cultural, estrechando los lazos entre la comunidad libanesa y la sociedad argentina a trav\u00e9s de actividades culturales, eventos y proyectos comunitarios que reflejen nuestra herencia compartida.\u00bb<\/em><\/p><\/div><\/div>\n<\/div>\n\n\n\n<div class=\"wp-block-uagb-container uagb-block-sw1dsegz\">\n<div class=\"wp-block-uagb-image alignleft uagb-block-mcp2jpno wp-block-uagb-image--layout-default wp-block-uagb-image--effect-static wp-block-uagb-image--align-left\"><figure class=\"wp-block-uagb-image__figure\"><img decoding=\"async\" srcset=\"https:\/\/www.ucalnacional.org\/wp-content\/uploads\/2025\/06\/WhatsApp-Image-2025-06-11-at-17.19.04-1-576x1024.jpeg ,https:\/\/www.ucalnacional.org\/wp-content\/uploads\/2025\/06\/WhatsApp-Image-2025-06-11-at-17.19.04-1.jpeg 780w, https:\/\/www.ucalnacional.org\/wp-content\/uploads\/2025\/06\/WhatsApp-Image-2025-06-11-at-17.19.04-1.jpeg 360w\" sizes=\"auto, (max-width: 480px) 150px\" src=\"https:\/\/www.ucalnacional.org\/wp-content\/uploads\/2025\/06\/WhatsApp-Image-2025-06-11-at-17.19.04-1-576x1024.jpeg\" alt=\"\" class=\"uag-image-1208\" width=\"576\" height=\"400\" title=\"WhatsApp Image 2025-06-11 at 17.19.04 (1)\" loading=\"lazy\" role=\"img\"\/><\/figure><\/div>\n\n\n\n<div class=\"wp-block-uagb-info-box uagb-block-l0l0l36q uagb-infobox__content-wrap  uagb-infobox-icon-above-title uagb-infobox-image-valign-top\"><div class=\"uagb-ifb-content\"><div class=\"uagb-ifb-title-wrap\"><h3 class=\"uagb-ifb-title\">Visi\u00f3n<\/h3><\/div><p class=\"uagb-ifb-desc\"><em>\u00abSer el principal v\u00ednculo cultural entre Argentina y L\u00edbano, celebrando y compartiendo nuestras tradiciones mientras construimos puentes duraderos entre nuestras comunidades.\u00bb<\/em><\/p><\/div><\/div>\n<\/div>\n<\/div>\n<\/div><\/div>\n\n\n\n<p><\/p>\n\n\n\n<div class=\"wp-block-uagb-container uagb-block-e9b077cc alignfull uagb-is-root-container\"><div class=\"uagb-container-inner-blocks-wrap\">\n<div class=\"wp-block-uagb-separator uagb-block-4825364d\"><div class=\"wp-block-uagb-separator__inner\" style=\"--my-background-image:\"><\/div><\/div>\n<\/div><\/div>\n\n\n\n<div class=\"wp-block-uagb-container uagb-block-2nwbbr6o alignfull uagb-is-root-container\"><div class=\"uagb-container-inner-blocks-wrap\">\n<div class=\"wp-block-uagb-info-box uagb-block-fcqdtpaj uagb-infobox__content-wrap  uagb-infobox-icon-above-title uagb-infobox-image-valign-top\"><div class=\"uagb-ifb-content\"><div class=\"uagb-ifb-title-wrap\"><h2 class=\"uagb-ifb-title\">Nuestros Valores<\/h2><\/div><\/div><\/div>\n\n\n\n<p class=\"has-text-align-center\">Ucal es una organizaci\u00f3n abierta, sin fines de lucro, laica y sin alineamientos pol\u00edticos, que busca contener a toda la colectividad libanesa en su diversidad, fomentando el respeto y promoviendo los puntos de encuentro que la cultura y la herencia com\u00fan facilitan. Nuestra labor persigue un aporte positivo para nuestra colectividad y para toda la sociedad argentina. Por eso sostenemos los siguientes valores:<\/p>\n\n\n\n<div class=\"wp-block-uagb-container uagb-layout-grid uagb-block-mr9hodcc\">\n<div class=\"wp-block-uagb-info-box uagb-block-hq4sz1xo uagb-infobox__content-wrap  uagb-infobox-icon-above-title uagb-infobox-image-valign-top\"><div class=\"uagb-ifb-content\"><div class=\"uagb-ifb-title-wrap\"><p class=\"uagb-ifb-title-prefix\">01<\/p><h3 class=\"uagb-ifb-title\">Cultura y Tradici\u00f3n<\/h3><\/div><p class=\"uagb-ifb-desc\">Celebramos y promovemos nuestra rica herencia cultural, compartiendo nuestras tradiciones con todas las comunidades donde tenemos presencia.<\/p><\/div><\/div>\n\n\n\n<div class=\"wp-block-uagb-info-box uagb-block-gb7b8qew uagb-infobox__content-wrap  uagb-infobox-icon-above-title uagb-infobox-image-valign-top\"><div class=\"uagb-ifb-content\"><div class=\"uagb-ifb-title-wrap\"><p class=\"uagb-ifb-title-prefix\">02<\/p><h3 class=\"uagb-ifb-title\">Accesibilidad<\/h3><\/div><p class=\"uagb-ifb-desc\">Promovemos la educaci\u00f3n sobre nuestra cultura libanesa y tambi\u00e9n su difusi\u00f3n, asegurando que nuestras tradiciones lleguen a la mayor cantidad de personas interesadas y que puedan ser entendidas y apreciadas por todos.<\/p><\/div><\/div>\n\n\n\n<div class=\"wp-block-uagb-info-box uagb-block-vb39t3gv uagb-infobox__content-wrap  uagb-infobox-icon-above-title uagb-infobox-image-valign-top\"><div class=\"uagb-ifb-content\"><div class=\"uagb-ifb-title-wrap\"><p class=\"uagb-ifb-title-prefix\">03<\/p><h3 class=\"uagb-ifb-title\">Vinculaci\u00f3n<\/h3><\/div><p class=\"uagb-ifb-desc\">Fomentamos relaciones estrechas y colaborativas entre nuestras comunidades, buscando siempre fortalecer la uni\u00f3n, el entendimiento y el di\u00e1logo. Tambi\u00e9n tendemos puentes con otras instituciones con objetivos afines y en donde participan los miembros de nuestra colectividad.<\/p><\/div><\/div>\n\n\n\n<div class=\"wp-block-uagb-info-box uagb-block-zg90ckxi uagb-infobox__content-wrap  uagb-infobox-icon-above-title uagb-infobox-image-valign-top\"><div class=\"uagb-ifb-content\"><div class=\"uagb-ifb-title-wrap\"><p class=\"uagb-ifb-title-prefix\">04<\/p><h3 class=\"uagb-ifb-title\">Compromiso Comunitario<\/h3><\/div><p class=\"uagb-ifb-desc\">Estamos comprometidos con el bienestar de nuestras comunidades, ofreciendo apoyo y creando iniciativas que enriquezcan y beneficien a nuestros miembros y a la sociedad en general.<\/p><\/div><\/div>\n\n\n\n<div class=\"wp-block-uagb-info-box uagb-block-vndzzlrp uagb-infobox__content-wrap  uagb-infobox-icon-above-title uagb-infobox-image-valign-top\"><div class=\"uagb-ifb-content\"><div class=\"uagb-ifb-title-wrap\"><p class=\"uagb-ifb-title-prefix\">05<\/p><h3 class=\"uagb-ifb-title\">Creatividad e Innovaci\u00f3n<\/h3><\/div><p class=\"uagb-ifb-desc\">Buscamos maneras innovadoras de presentar y compartir nuestras tradiciones, manteniendo la autenticidad mientras exploramos nuevas formas de conectar.<\/p><\/div><\/div>\n\n\n\n<div class=\"wp-block-uagb-info-box uagb-block-in1lgvr7 uagb-infobox__content-wrap  uagb-infobox-icon-above-title uagb-infobox-image-valign-top\"><div class=\"uagb-ifb-content\"><div class=\"uagb-ifb-title-wrap\"><p class=\"uagb-ifb-title-prefix\">06<\/p><h3 class=\"uagb-ifb-title\">Inclusi\u00f3n y Respeto<\/h3><\/div><p class=\"uagb-ifb-desc\">Promovemos un ambiente inclusivo y respetuoso, donde todas las voces y perspectivas sean valoradas y bienvenidas.<\/p><\/div><\/div>\n\n\n\n<div class=\"wp-block-uagb-info-box uagb-block-a2207071 uagb-infobox__content-wrap  uagb-infobox-icon-above-title uagb-infobox-image-valign-top\"><div class=\"uagb-ifb-content\"><div class=\"uagb-ifb-title-wrap\"><p class=\"uagb-ifb-title-prefix\">07<\/p><h3 class=\"uagb-ifb-title\">Responsabilidad<\/h3><\/div><p class=\"uagb-ifb-desc\">Mantenemos una gesti\u00f3n seria y transparente, asegurando que nuestros recursos sean utilizados de manera \u00e9tica y eficiente.<\/p><\/div><\/div>\n<\/div>\n<\/div><\/div>\n\n\n\n<p><\/p>\n","protected":false},"excerpt":{"rendered":"<p>\u00a0 Preservaci\u00f3n Activa: Trabajamos para asegurar que las tradiciones y valores libaneses se mantengan intactos y sean transmitidos con orgullo a las nuevas generaciones. Innovaci\u00f3n Cultural: Adaptamos nuestras pr\u00e1cticas culturales a los tiempos modernos, creando eventos y actividades que atraigan tanto a j\u00f3venes como a adultos, manteniendo nuestra herencia cultural relevante y accesible. Intercambio y [&hellip;]<\/p>\n","protected":false},"author":1,"featured_media":0,"parent":0,"menu_order":0,"comment_status":"closed","ping_status":"closed","template":"","meta":{"_uag_custom_page_level_css":"","site-sidebar-layout":"default","site-content-layout":"","ast-site-content-layout":"default","site-content-style":"default","site-sidebar-style":"default","ast-global-header-display":"","ast-banner-title-visibility":"","ast-main-header-display":"","ast-hfb-above-header-display":"","ast-hfb-below-header-display":"","ast-hfb-mobile-header-display":"","site-post-title":"disabled","ast-breadcrumbs-content":"","ast-featured-img":"","footer-sml-layout":"","ast-disable-related-posts":"","theme-transparent-header-meta":"","adv-header-id-meta":"","stick-header-meta":"","header-above-stick-meta":"","header-main-stick-meta":"","header-below-stick-meta":"","astra-migrate-meta-layouts":"set","ast-page-background-enabled":"default","ast-page-background-meta":{"desktop":{"background-color":"var(--ast-global-color-4)","background-image":"","background-repeat":"repeat","background-position":"center center","background-size":"auto","background-attachment":"scroll","background-type":"","background-media":"","overlay-type":"","overlay-color":"","overlay-opacity":"","overlay-gradient":""},"tablet":{"background-color":"","background-image":"","background-repeat":"repeat","background-position":"center center","background-size":"auto","background-attachment":"scroll","background-type":"","background-media":"","overlay-type":"","overlay-color":"","overlay-opacity":"","overlay-gradient":""},"mobile":{"background-color":"","background-image":"","background-repeat":"repeat","background-position":"center center","background-size":"auto","background-attachment":"scroll","background-type":"","background-media":"","overlay-type":"","overlay-color":"","overlay-opacity":"","overlay-gradient":""}},"ast-content-background-meta":{"desktop":{"background-color":"var(--ast-global-color-5)","background-image":"","background-repeat":"repeat","background-position":"center center","background-size":"auto","background-attachment":"scroll","background-type":"","background-media":"","overlay-type":"","overlay-color":"","overlay-opacity":"","overlay-gradient":""},"tablet":{"background-color":"var(--ast-global-color-5)","background-image":"","background-repeat":"repeat","background-position":"center center","background-size":"auto","background-attachment":"scroll","background-type":"","background-media":"","overlay-type":"","overlay-color":"","overlay-opacity":"","overlay-gradient":""},"mobile":{"background-color":"var(--ast-global-color-5)","background-image":"","background-repeat":"repeat","background-position":"center center","background-size":"auto","background-attachment":"scroll","background-type":"","background-media":"","overlay-type":"","overlay-color":"","overlay-opacity":"","overlay-gradient":""}},"footnotes":""},"class_list":["post-675","page","type-page","status-publish","hentry"],"uagb_featured_image_src":{"full":false,"thumbnail":false,"medium":false,"medium_large":false,"large":false,"1536x1536":false,"2048x2048":false},"uagb_author_info":{"display_name":"ulcsyhg_ucal","author_link":"https:\/\/www.ucalnacional.org\/index.php\/author\/ulcsyhg_ucal\/"},"uagb_comment_info":0,"uagb_excerpt":"\u00a0 Preservaci\u00f3n Activa: Trabajamos para asegurar que las tradiciones y valores libaneses se mantengan intactos y sean transmitidos con orgullo a las nuevas generaciones. Innovaci\u00f3n Cultural: Adaptamos nuestras pr\u00e1cticas culturales a los tiempos modernos, creando eventos y actividades que atraigan tanto a j\u00f3venes como a adultos, manteniendo nuestra herencia cultural relevante y accesible. Intercambio y&hellip;","_links":{"self":[{"href":"https:\/\/www.ucalnacional.org\/index.php\/wp-json\/wp\/v2\/pages\/675","targetHints":{"allow":["GET"]}}],"collection":[{"href":"https:\/\/www.ucalnacional.org\/index.php\/wp-json\/wp\/v2\/pages"}],"about":[{"href":"https:\/\/www.ucalnacional.org\/index.php\/wp-json\/wp\/v2\/types\/page"}],"author":[{"embeddable":true,"href":"https:\/\/www.ucalnacional.org\/index.php\/wp-json\/wp\/v2\/users\/1"}],"replies":[{"embeddable":true,"href":"https:\/\/www.ucalnacional.org\/index.php\/wp-json\/wp\/v2\/comments?post=675"}],"version-history":[{"count":11,"href":"https:\/\/www.ucalnacional.org\/index.php\/wp-json\/wp\/v2\/pages\/675\/revisions"}],"predecessor-version":[{"id":1224,"href":"https:\/\/www.ucalnacional.org\/index.php\/wp-json\/wp\/v2\/pages\/675\/revisions\/1224"}],"wp:attachment":[{"href":"https:\/\/www.ucalnacional.org\/index.php\/wp-json\/wp\/v2\/media?parent=675"}],"curies":[{"name":"wp","href":"https:\/\/api.w.org\/{rel}","templated":true}]}}