{"id":597,"date":"2017-12-14T19:39:26","date_gmt":"2017-12-14T19:39:26","guid":{"rendered":"http:\/\/etowers-30.net\/~ulcsyhg\/?page_id=597"},"modified":"2025-09-12T13:37:44","modified_gmt":"2025-09-12T13:37:44","slug":"conoce-libano","status":"publish","type":"page","link":"https:\/\/www.ucalnacional.org\/index.php\/conoce-libano\/","title":{"rendered":"Conoc\u00e9 L\u00edbano"},"content":{"rendered":"\n<p><\/p>\n\n\n\n<div class=\"wp-block-uagb-container uagb-block-fldfcsg1 alignfull uagb-is-root-container\"><div class=\"uagb-container-inner-blocks-wrap\">\n<div class=\"wp-block-uagb-info-box uagb-block-3lfzdlnw uagb-infobox__content-wrap  uagb-infobox-icon-above-title uagb-infobox-image-valign-top\"><div class=\"uagb-ifb-content\"><div class=\"uagb-ifb-title-wrap\"><p class=\"uagb-ifb-title-prefix\">viaj\u00e1 a L\u00edbano con ucal<\/p><h1 class=\"uagb-ifb-title\">Conoc\u00e9 L\u00edbano<\/h1><\/div><p class=\"uagb-ifb-desc\">Desde UCAL te invitamos a conocer el pa\u00eds de los cedros y de nuestros ancestros.<\/p><\/div><\/div>\n\n\n\n<div class=\"wp-block-uagb-image alignleft uagb-block-z1lf4enb wp-block-uagb-image--layout-default wp-block-uagb-image--effect-static wp-block-uagb-image--align-left\"><figure class=\"wp-block-uagb-image__figure\"><img decoding=\"async\" srcset=\"https:\/\/www.ucalnacional.org\/wp-content\/uploads\/2025\/06\/WhatsApp-Image-2025-06-11-at-17.23.54-cut-1024x556.jpg ,https:\/\/www.ucalnacional.org\/wp-content\/uploads\/2025\/06\/WhatsApp-Image-2025-06-11-at-17.23.54-cut.jpg 780w, https:\/\/www.ucalnacional.org\/wp-content\/uploads\/2025\/06\/WhatsApp-Image-2025-06-11-at-17.23.54-cut.jpg 360w\" sizes=\"auto, (max-width: 480px) 150px\" src=\"https:\/\/www.ucalnacional.org\/wp-content\/uploads\/2025\/06\/WhatsApp-Image-2025-06-11-at-17.23.54-cut-1024x556.jpg\" alt=\"\" class=\"uag-image-1193\" width=\"1200\" height=\"400\" title=\"WhatsApp Image 2025-06-11 at 17.23.54 cut\" loading=\"lazy\" role=\"img\"\/><\/figure><\/div>\n<\/div><\/div>\n\n\n\n<p><\/p>\n\n\n\n<div class=\"wp-block-uagb-container uagb-block-vksrrwrb alignfull uagb-is-root-container\"><div class=\"uagb-container-inner-blocks-wrap\">\n<div class=\"wp-block-uagb-info-box uagb-block-ilqhetxh uagb-infobox__content-wrap  uagb-infobox-icon-above-title uagb-infobox-image-valign-top\"><div class=\"uagb-ifb-content\"><div class=\"uagb-ifb-title-wrap\"><p class=\"uagb-ifb-title-prefix\">programa institucional<\/p><h2 class=\"uagb-ifb-title\">Un viaje diferente<\/h2><\/div><p class=\"uagb-ifb-desc\">Desde 2011, UCAL lleva adelante el programa \u201cConoc\u00e9 L\u00edbano\u201d, una iniciativa cuyo objetivo es que los descendientes de liban\u00e9s puedan visitar y recorrer el pa\u00eds de sus ancestros. Este programa ha fusionado lo mejor de los circuitos tur\u00edsticos de L\u00edbano con una profunda conexi\u00f3n cultural, creando una experiencia de inmersi\u00f3n completa \u00fanica para todos los participantes.<br>Este viaje propone conocer el L\u00edbano de los nativos, con sus usos y costumbres, sus tradiciones y su cotidianidad. Mientras recorren los m\u00e1s importantes destinos tur\u00edsticos y la extensa oferta de patrimonio hist\u00f3rico y cultural que este pa\u00eds tiene para ofrecer. Imagin\u00e1 recorrer los paisajes vibrantes del L\u00edbano, desde los antiguos templos hasta las modernas ciudades, mientras te sumerges en la vida local a trav\u00e9s de visitas exclusivas y encuentros con figuras clave del pa\u00eds.<\/p><\/div><\/div>\n\n\n\n<div class=\"wp-block-uagb-container uagb-block-t5wghsuz alignfull uagb-is-root-container\"><div class=\"uagb-container-inner-blocks-wrap\">\n<div class=\"wp-block-uagb-info-box uagb-block-cgjs3cg9 uagb-infobox__content-wrap  uagb-infobox-icon-above-title uagb-infobox-image-valign-top\"><div class=\"uagb-ifb-content\"><div class=\"uagb-ifb-title-wrap\"><h3 class=\"uagb-ifb-title\">Testimonios<\/h3><\/div><div class=\"uagb-ifb-separator\"><\/div><\/div><\/div>\n\n\n\n<div class=\"wp-block-uagb-container uagb-block-q1l1us84\">\n<div class=\"wp-block-uagb-container uagb-block-6s1g9pcv\">\n<div class=\"wp-block-uagb-info-box uagb-block-xw3ystge uagb-infobox__content-wrap  uagb-infobox-icon-above-title uagb-infobox-image-valign-top\"><div class=\"uagb-ifb-content\"><div class=\"uagb-ifb-icon-wrap\"><svg xmlns=\"https:\/\/www.w3.org\/2000\/svg\" viewBox=\"0 0 448 512\"><path d=\"M96 224C84.72 224 74.05 226.3 64 229.9V224c0-35.3 28.7-64 64-64c17.67 0 32-14.33 32-32S145.7 96 128 96C57.42 96 0 153.4 0 224v96c0 53.02 42.98 96 96 96s96-42.98 96-96S149 224 96 224zM352 224c-11.28 0-21.95 2.305-32 5.879V224c0-35.3 28.7-64 64-64c17.67 0 32-14.33 32-32s-14.33-32-32-32c-70.58 0-128 57.42-128 128v96c0 53.02 42.98 96 96 96s96-42.98 96-96S405 224 352 224z\"><\/path><\/svg><\/div><div class=\"uagb-ifb-title-wrap\"><p class=\"uagb-ifb-title\">&#8216;Conoc\u00e9 L\u00edbano&#8217; te cambia la perspectiva. Yo fui pensando en un viaje tur\u00edstico, pero termin\u00e9 encontrando una parte de m\u00ed que no conoc\u00eda. Lo mejor es la gente, las charlas en la calle, el cafecito que te invitan. Es un viaje a tus propias ra\u00edces. Una experiencia que te llena el alma, de verdad.<\/p><\/div><\/div><\/div>\n\n\n\n<div class=\"wp-block-uagb-info-box uagb-block-e31wytri uagb-infobox__content-wrap  uagb-infobox-icon-above-title uagb-infobox-image-valign-top\"><div class=\"uagb-ifb-content\"><div class=\"uagb-ifb-title-wrap\"><p class=\"uagb-ifb-title\"><strong>Andrea<\/strong><br>Rosario &#8211; Santa Fe.<\/p><\/div><\/div><\/div>\n<\/div>\n\n\n\n<div class=\"wp-block-uagb-container uagb-block-tjzvb686\">\n<div class=\"wp-block-uagb-info-box uagb-block-29tadrnx uagb-infobox__content-wrap  uagb-infobox-icon-above-title uagb-infobox-image-valign-top\"><div class=\"uagb-ifb-content\"><div class=\"uagb-ifb-icon-wrap\"><svg xmlns=\"https:\/\/www.w3.org\/2000\/svg\" viewBox=\"0 0 448 512\"><path d=\"M96 224C84.72 224 74.05 226.3 64 229.9V224c0-35.3 28.7-64 64-64c17.67 0 32-14.33 32-32S145.7 96 128 96C57.42 96 0 153.4 0 224v96c0 53.02 42.98 96 96 96s96-42.98 96-96S149 224 96 224zM352 224c-11.28 0-21.95 2.305-32 5.879V224c0-35.3 28.7-64 64-64c17.67 0 32-14.33 32-32s-14.33-32-32-32c-70.58 0-128 57.42-128 128v96c0 53.02 42.98 96 96 96s96-42.98 96-96S405 224 352 224z\"><\/path><\/svg><\/div><div class=\"uagb-ifb-title-wrap\"><p class=\"uagb-ifb-title\">No es el t\u00edpico viaje, te muestra el L\u00edbano real, no solo lo que sale en las fotos. And\u00e1s de recorrida pero sos uno mas y te sent\u00eds parte de todo. Y en algun momento te toca, no te deja indiferente. Lo recomiendo \u00a1No se van a arrepentir!<\/p><\/div><\/div><\/div>\n\n\n\n<div class=\"wp-block-uagb-info-box uagb-block-gpvbhktj uagb-infobox__content-wrap  uagb-infobox-icon-above-title uagb-infobox-image-valign-top\"><div class=\"uagb-ifb-content\"><div class=\"uagb-ifb-title-wrap\"><p class=\"uagb-ifb-title\"><strong>Amado<\/strong><br>Mendoza &#8211; Mendoza<\/p><\/div><\/div><\/div>\n<\/div>\n\n\n\n<div class=\"wp-block-uagb-container uagb-block-l1vevrno\">\n<div class=\"wp-block-uagb-info-box uagb-block-juev3zp4 uagb-infobox__content-wrap  uagb-infobox-icon-above-title uagb-infobox-image-valign-top\"><div class=\"uagb-ifb-content\"><div class=\"uagb-ifb-icon-wrap\"><svg xmlns=\"https:\/\/www.w3.org\/2000\/svg\" viewBox=\"0 0 448 512\"><path d=\"M96 224C84.72 224 74.05 226.3 64 229.9V224c0-35.3 28.7-64 64-64c17.67 0 32-14.33 32-32S145.7 96 128 96C57.42 96 0 153.4 0 224v96c0 53.02 42.98 96 96 96s96-42.98 96-96S149 224 96 224zM352 224c-11.28 0-21.95 2.305-32 5.879V224c0-35.3 28.7-64 64-64c17.67 0 32-14.33 32-32s-14.33-32-32-32c-70.58 0-128 57.42-128 128v96c0 53.02 42.98 96 96 96s96-42.98 96-96S405 224 352 224z\"><\/path><\/svg><\/div><div class=\"uagb-ifb-title-wrap\"><p class=\"uagb-ifb-title\">Decid\u00ed ir a &#8216;Conoc\u00e9 L\u00edbano&#8217; porque quer\u00eda entender la historia de mis abuelos, y lo logr\u00e9. Lo que m\u00e1s me impact\u00f3 fue esa mezcla de lo antiguo y lo moderno, pero sobre todo, la calidez de la gente. Te hacen sentir bienvenida en cada lugar que vas. Es una experiencia que te conecta con tu herencia. Yo la volver\u00eda a hacer sin dudarlo.<\/p><\/div><\/div><\/div>\n\n\n\n<div class=\"wp-block-uagb-info-box uagb-block-qgpofqkp uagb-infobox__content-wrap  uagb-infobox-icon-above-title uagb-infobox-image-valign-top\"><div class=\"uagb-ifb-content\"><div class=\"uagb-ifb-title-wrap\"><p class=\"uagb-ifb-title\"><strong>Sofia<\/strong><br>CABA &#8211; Buenos Aires<\/p><\/div><\/div><\/div>\n<\/div>\n<\/div>\n<\/div><\/div>\n\n\n\n<div class=\"wp-block-uagb-advanced-heading uagb-block-6ff30470\"><h4 class=\"uagb-heading-text\">Sumate a la edici\u00f3n 2025 de \u201cConoce L\u00edbano\u201d<\/h4><\/div>\n\n\n\n<div class=\"wp-block-uagb-buttons uagb-buttons__outer-wrap uagb-btn__default-btn uagb-btn-tablet__default-btn uagb-btn-mobile__default-btn uagb-block-drkyw1bd\"><div class=\"uagb-buttons__wrap uagb-buttons-layout-wrap \">\n<div class=\"wp-block-uagb-buttons-child uagb-buttons__outer-wrap uagb-block-fx8ro1hb wp-block-button\"><div class=\"uagb-button__wrapper\"><a class=\"uagb-buttons-repeater wp-block-button__link\" aria-label=\"\" href=\"#\" rel=\"follow noopener\" target=\"_self\" role=\"button\"><div class=\"uagb-button__link\">M\u00e1s informaci\u00f3n<\/div><\/a><\/div><\/div>\n<\/div><\/div>\n<\/div><\/div>\n\n\n\n<p><\/p>\n","protected":false},"excerpt":{"rendered":"<p>Sumate a la edici\u00f3n 2025 de \u201cConoce L\u00edbano\u201d<\/p>\n","protected":false},"author":1,"featured_media":0,"parent":0,"menu_order":0,"comment_status":"closed","ping_status":"closed","template":"","meta":{"_uag_custom_page_level_css":"","site-sidebar-layout":"default","site-content-layout":"","ast-site-content-layout":"default","site-content-style":"default","site-sidebar-style":"default","ast-global-header-display":"","ast-banner-title-visibility":"","ast-main-header-display":"","ast-hfb-above-header-display":"","ast-hfb-below-header-display":"","ast-hfb-mobile-header-display":"","site-post-title":"disabled","ast-breadcrumbs-content":"","ast-featured-img":"","footer-sml-layout":"","ast-disable-related-posts":"","theme-transparent-header-meta":"","adv-header-id-meta":"","stick-header-meta":"","header-above-stick-meta":"","header-main-stick-meta":"","header-below-stick-meta":"","astra-migrate-meta-layouts":"set","ast-page-background-enabled":"default","ast-page-background-meta":{"desktop":{"background-color":"var(--ast-global-color-4)","background-image":"","background-repeat":"repeat","background-position":"center center","background-size":"auto","background-attachment":"scroll","background-type":"","background-media":"","overlay-type":"","overlay-color":"","overlay-opacity":"","overlay-gradient":""},"tablet":{"background-color":"","background-image":"","background-repeat":"repeat","background-position":"center center","background-size":"auto","background-attachment":"scroll","background-type":"","background-media":"","overlay-type":"","overlay-color":"","overlay-opacity":"","overlay-gradient":""},"mobile":{"background-color":"","background-image":"","background-repeat":"repeat","background-position":"center center","background-size":"auto","background-attachment":"scroll","background-type":"","background-media":"","overlay-type":"","overlay-color":"","overlay-opacity":"","overlay-gradient":""}},"ast-content-background-meta":{"desktop":{"background-color":"var(--ast-global-color-5)","background-image":"","background-repeat":"repeat","background-position":"center center","background-size":"auto","background-attachment":"scroll","background-type":"","background-media":"","overlay-type":"","overlay-color":"","overlay-opacity":"","overlay-gradient":""},"tablet":{"background-color":"var(--ast-global-color-5)","background-image":"","background-repeat":"repeat","background-position":"center center","background-size":"auto","background-attachment":"scroll","background-type":"","background-media":"","overlay-type":"","overlay-color":"","overlay-opacity":"","overlay-gradient":""},"mobile":{"background-color":"var(--ast-global-color-5)","background-image":"","background-repeat":"repeat","background-position":"center center","background-size":"auto","background-attachment":"scroll","background-type":"","background-media":"","overlay-type":"","overlay-color":"","overlay-opacity":"","overlay-gradient":""}},"footnotes":""},"class_list":["post-597","page","type-page","status-publish","hentry"],"uagb_featured_image_src":{"full":false,"thumbnail":false,"medium":false,"medium_large":false,"large":false,"1536x1536":false,"2048x2048":false},"uagb_author_info":{"display_name":"ulcsyhg_ucal","author_link":"https:\/\/www.ucalnacional.org\/index.php\/author\/ulcsyhg_ucal\/"},"uagb_comment_info":0,"uagb_excerpt":"Sumate a la edici\u00f3n 2025 de \u201cConoce L\u00edbano\u201d","_links":{"self":[{"href":"https:\/\/www.ucalnacional.org\/index.php\/wp-json\/wp\/v2\/pages\/597","targetHints":{"allow":["GET"]}}],"collection":[{"href":"https:\/\/www.ucalnacional.org\/index.php\/wp-json\/wp\/v2\/pages"}],"about":[{"href":"https:\/\/www.ucalnacional.org\/index.php\/wp-json\/wp\/v2\/types\/page"}],"author":[{"embeddable":true,"href":"https:\/\/www.ucalnacional.org\/index.php\/wp-json\/wp\/v2\/users\/1"}],"replies":[{"embeddable":true,"href":"https:\/\/www.ucalnacional.org\/index.php\/wp-json\/wp\/v2\/comments?post=597"}],"version-history":[{"count":11,"href":"https:\/\/www.ucalnacional.org\/index.php\/wp-json\/wp\/v2\/pages\/597\/revisions"}],"predecessor-version":[{"id":1286,"href":"https:\/\/www.ucalnacional.org\/index.php\/wp-json\/wp\/v2\/pages\/597\/revisions\/1286"}],"wp:attachment":[{"href":"https:\/\/www.ucalnacional.org\/index.php\/wp-json\/wp\/v2\/media?parent=597"}],"curies":[{"name":"wp","href":"https:\/\/api.w.org\/{rel}","templated":true}]}}