{"id":591,"date":"2017-12-14T19:37:24","date_gmt":"2017-12-14T19:37:24","guid":{"rendered":"http:\/\/etowers-30.net\/~ulcsyhg\/?page_id=591"},"modified":"2025-09-12T13:50:54","modified_gmt":"2025-09-12T13:50:54","slug":"acerca-de-ucal","status":"publish","type":"page","link":"https:\/\/www.ucalnacional.org\/index.php\/acerca-de-ucal\/","title":{"rendered":"Quienes Somos"},"content":{"rendered":"\n<p><\/p>\n\n\n\n<div class=\"wp-block-uagb-container uagb-block-da0p0ouh alignfull uagb-is-root-container\"><div class=\"uagb-container-inner-blocks-wrap\">\n<div class=\"wp-block-uagb-image alignleft uagb-block-som6ecke wp-block-uagb-image--layout-default wp-block-uagb-image--effect-static wp-block-uagb-image--align-left\"><figure class=\"wp-block-uagb-image__figure\"><img decoding=\"async\" srcset=\"https:\/\/www.ucalnacional.org\/wp-content\/uploads\/2025\/06\/WhatsApp-Image-2025-06-11-at-17.06.12-768x1024.jpeg ,https:\/\/www.ucalnacional.org\/wp-content\/uploads\/2025\/06\/WhatsApp-Image-2025-06-11-at-17.06.12.jpeg 780w, https:\/\/www.ucalnacional.org\/wp-content\/uploads\/2025\/06\/WhatsApp-Image-2025-06-11-at-17.06.12.jpeg 360w\" sizes=\"auto, (max-width: 480px) 150px\" src=\"https:\/\/www.ucalnacional.org\/wp-content\/uploads\/2025\/06\/WhatsApp-Image-2025-06-11-at-17.06.12-768x1024.jpeg\" alt=\"\" class=\"uag-image-1211\" width=\"508\" height=\"423\" title=\"WhatsApp Image 2025-06-11 at 17.06.12\" loading=\"lazy\" role=\"img\"\/><\/figure><\/div>\n\n\n\n<div class=\"wp-block-uagb-container uagb-block-znw7ihip\">\n<div class=\"wp-block-uagb-info-box uagb-block-hx7loqpa uagb-infobox__content-wrap  uagb-infobox-icon-above-title uagb-infobox-image-valign-top\"><div class=\"uagb-ifb-content\"><div class=\"uagb-ifb-title-wrap\"><h2 class=\"uagb-ifb-title\">Una Instituci\u00f3n con historia y proyecci\u00f3n global<\/h2><\/div><p class=\"uagb-ifb-desc\">Nuestra historia se entrelaza con la creaci\u00f3n de la <strong>Uni\u00f3n Libanesa Cultural Mundial (ULCM)<\/strong>, establecida en 1959 en la Ciudad de M\u00e9xico con el objetivo de difundir los aspectos sociales y culturales del L\u00edbano entre sus descendientes en todo el mundo. Desde sus inicios, ha sido una organizaci\u00f3n no gubernamental, sin fines de lucro, laica e independiente del Gobierno Liban\u00e9s, dedicada a preservar y promover el patrimonio liban\u00e9s a nivel global.<br><br>El 22 de noviembre de 1978, en la Ciudad de Buenos Aires, siguiendo los lineamientos establecidos por la ULCM, se fund\u00f3 el Consejo Nacional de la <strong>Uni\u00f3n Cultural Argentino Libanesa (UCAL).<\/strong> Desde ese momento, hemos trabajado con esmero para estrechar los v\u00ednculos entre los miembros de nuestra comunidad tanto en Argentina como en L\u00edbano, promoviendo la comprensi\u00f3n mutua y el intercambio cultural entre ambos pa\u00edses.<\/p><\/div><\/div>\n<\/div>\n<\/div><\/div>\n\n\n\n<p><\/p>\n\n\n\n<div class=\"wp-block-uagb-container uagb-block-otgr1jiw alignfull uagb-is-root-container\"><div class=\"uagb-container-inner-blocks-wrap\">\n<div class=\"wp-block-uagb-container uagb-block-we4ycrit\">\n<div class=\"wp-block-uagb-container uagb-block-4djwhiv1\">\n<div class=\"wp-block-uagb-info-box uagb-block-cm0pegj9 uagb-infobox__content-wrap  uagb-infobox-icon-above-title uagb-infobox-image-valign-top\"><div class=\"uagb-ifb-content\"><div class=\"uagb-ifb-icon-wrap\"><svg xmlns=\"https:\/\/www.w3.org\/2000\/svg\" viewBox=\"0 0 448 512\"><path d=\"M160 32V64H288V32C288 14.33 302.3 0 320 0C337.7 0 352 14.33 352 32V64H400C426.5 64 448 85.49 448 112V160H0V112C0 85.49 21.49 64 48 64H96V32C96 14.33 110.3 0 128 0C145.7 0 160 14.33 160 32zM0 192H448V464C448 490.5 426.5 512 400 512H48C21.49 512 0 490.5 0 464V192zM64 304C64 312.8 71.16 320 80 320H112C120.8 320 128 312.8 128 304V272C128 263.2 120.8 256 112 256H80C71.16 256 64 263.2 64 272V304zM192 304C192 312.8 199.2 320 208 320H240C248.8 320 256 312.8 256 304V272C256 263.2 248.8 256 240 256H208C199.2 256 192 263.2 192 272V304zM336 256C327.2 256 320 263.2 320 272V304C320 312.8 327.2 320 336 320H368C376.8 320 384 312.8 384 304V272C384 263.2 376.8 256 368 256H336zM64 432C64 440.8 71.16 448 80 448H112C120.8 448 128 440.8 128 432V400C128 391.2 120.8 384 112 384H80C71.16 384 64 391.2 64 400V432zM208 384C199.2 384 192 391.2 192 400V432C192 440.8 199.2 448 208 448H240C248.8 448 256 440.8 256 432V400C256 391.2 248.8 384 240 384H208zM320 432C320 440.8 327.2 448 336 448H368C376.8 448 384 440.8 384 432V400C384 391.2 376.8 384 368 384H336C327.2 384 320 391.2 320 400V432z\"><\/path><\/svg><\/div><div class=\"uagb-ifb-title-wrap\"><h3 class=\"uagb-ifb-title\">1959<\/h3><\/div><p class=\"uagb-ifb-desc\">Creaci\u00f3n de la Uni\u00f3n Libanesa Cultural Mundial (ULCM) en Ciudad de M\u00e9xico.<\/p><\/div><\/div>\n<\/div>\n\n\n\n<div class=\"wp-block-uagb-container uagb-block-tgagtpr2\">\n<div class=\"wp-block-uagb-info-box uagb-block-p9i4sjob uagb-infobox__content-wrap  uagb-infobox-icon-above-title uagb-infobox-image-valign-top\"><div class=\"uagb-ifb-content\"><div class=\"uagb-ifb-icon-wrap\"><svg xmlns=\"https:\/\/www.w3.org\/2000\/svg\" viewBox=\"0 0 448 512\"><path d=\"M352 111.1c22.09 0 40-17.88 40-39.97S352 0 352 0s-40 49.91-40 72S329.9 111.1 352 111.1zM224 111.1c22.09 0 40-17.88 40-39.97S224 0 224 0S184 49.91 184 72S201.9 111.1 224 111.1zM383.1 223.1L384 160c0-8.836-7.164-16-16-16h-32C327.2 144 320 151.2 320 160v64h-64V160c0-8.836-7.164-16-16-16h-32C199.2 144 192 151.2 192 160v64H128V160c0-8.836-7.164-16-16-16h-32C71.16 144 64 151.2 64 160v63.97c-35.35 0-64 28.65-64 63.1v68.7c9.814 6.102 21.39 11.33 32 11.33c20.64 0 45.05-19.73 52.7-27.33c6.25-6.219 16.34-6.219 22.59 0C114.1 348.3 139.4 367.1 160 367.1s45.05-19.73 52.7-27.33c6.25-6.219 16.34-6.219 22.59 0C242.1 348.3 267.4 367.1 288 367.1s45.05-19.73 52.7-27.33c6.25-6.219 16.34-6.219 22.59 0C370.1 348.3 395.4 367.1 416 367.1c10.61 0 22.19-5.227 32-11.33V287.1C448 252.6 419.3 223.1 383.1 223.1zM352 373.3c-13.75 10.95-38.03 26.66-64 26.66s-50.25-15.7-64-26.66c-13.75 10.95-38.03 26.66-64 26.66s-50.25-15.7-64-26.66c-13.75 10.95-38.03 26.66-64 26.66c-11.27 0-22.09-3.121-32-7.377v87.38C0 497.7 14.33 512 32 512h384c17.67 0 32-14.33 32-32v-87.38c-9.91 4.256-20.73 7.377-32 7.377C390 399.1 365.8 384.3 352 373.3zM96 111.1c22.09 0 40-17.88 40-39.97S96 0 96 0S56 49.91 56 72S73.91 111.1 96 111.1z\"><\/path><\/svg><\/div><div class=\"uagb-ifb-title-wrap\"><h3 class=\"uagb-ifb-title\">1978<\/h3><\/div><p class=\"uagb-ifb-desc\">Fundaci\u00f3n del Consejo Nacional de UCAL en Buenos Aires el 22 de noviembre.<\/p><\/div><\/div>\n<\/div>\n\n\n\n<div class=\"wp-block-uagb-container uagb-block-zwpj11wd\">\n<div class=\"wp-block-uagb-info-box uagb-block-7umtwy20 uagb-infobox__content-wrap  uagb-infobox-icon-above-title uagb-infobox-image-valign-top\"><div class=\"uagb-ifb-content\"><div class=\"uagb-ifb-icon-wrap\"><svg xmlns=\"https:\/\/www.w3.org\/2000\/svg\" viewBox=\"0 0 512 512\"><path d=\"M243.4 2.587C251.4-.8625 260.6-.8625 268.6 2.587L492.6 98.59C506.6 104.6 514.4 119.6 511.3 134.4C508.3 149.3 495.2 159.1 479.1 160V168C479.1 181.3 469.3 192 455.1 192H55.1C42.74 192 31.1 181.3 31.1 168V160C16.81 159.1 3.708 149.3 .6528 134.4C-2.402 119.6 5.429 104.6 19.39 98.59L243.4 2.587zM256 128C273.7 128 288 113.7 288 96C288 78.33 273.7 64 256 64C238.3 64 224 78.33 224 96C224 113.7 238.3 128 256 128zM127.1 416H167.1V224H231.1V416H280V224H344V416H384V224H448V420.3C448.6 420.6 449.2 420.1 449.8 421.4L497.8 453.4C509.5 461.2 514.7 475.8 510.6 489.3C506.5 502.8 494.1 512 480 512H31.1C17.9 512 5.458 502.8 1.372 489.3C-2.715 475.8 2.515 461.2 14.25 453.4L62.25 421.4C62.82 420.1 63.41 420.6 63.1 420.3V224H127.1V416z\"><\/path><\/svg><\/div><div class=\"uagb-ifb-title-wrap\"><h3 class=\"uagb-ifb-title\">Presente<\/h3><\/div><p class=\"uagb-ifb-desc\">Presencia nacional con filiales en todo el pa\u00eds y conexi\u00f3n global<\/p><\/div><\/div>\n<\/div>\n<\/div>\n<\/div><\/div>\n\n\n\n<p><\/p>\n\n\n\n<div class=\"wp-block-uagb-container uagb-block-knaqifor alignfull uagb-is-root-container\"><div class=\"uagb-container-inner-blocks-wrap\">\n<div class=\"wp-block-uagb-info-box uagb-block-o6wn7kry uagb-infobox__content-wrap  uagb-infobox-icon-above-title uagb-infobox-image-valign-top\"><div class=\"uagb-ifb-content\"><div class=\"uagb-ifb-image-content\"><img decoding=\"async\" src=\"https:\/\/www.ucalnacional.org\/wp-content\/uploads\/2025\/06\/Logo-UCLM-150x150.png\" alt=\"\" width=\"120\" height=\"120\" loading=\"lazy\"\/><\/div><div class=\"uagb-ifb-title-wrap\"><h1 class=\"uagb-ifb-title\">La Uni\u00f3n Libanesa Cultural Mundial<\/h1><\/div><p class=\"uagb-ifb-desc\">UCAL <strong>es miembro integrante de la Uni\u00f3n Libanesa Cultural Mundial. <\/strong>Como parte de esa red global, actuamos como enlace en Argentina para coordinar y fomentar las actividades de la ULCM en todo el territorio nacional, asegurando que nuestras acciones est\u00e9n alineadas con los objetivos globales de la Uni\u00f3n. En el mismo sentido, trabajamos para fortalecer los v\u00ednculos globales de nuestra comunidad, facilitando el intercambio cultural y social entre nuestras ra\u00edces y la di\u00e1spora.<\/p><\/div><\/div>\n<\/div><\/div>\n\n\n\n<p><\/p>\n\n\n\n<div class=\"wp-block-uagb-container uagb-block-jujrt1fq alignfull uagb-is-root-container\"><div class=\"uagb-container-inner-blocks-wrap\">\n<div class=\"wp-block-uagb-info-box uagb-block-jir59277 uagb-infobox__content-wrap  uagb-infobox-icon-above-title uagb-infobox-image-valign-top\"><div class=\"uagb-ifb-content\"><div class=\"uagb-ifb-title-wrap\"><h2 class=\"uagb-ifb-title\">Nuestro Impacto y Liderazgo<\/h2><\/div><\/div><\/div>\n\n\n\n<div class=\"wp-block-uagb-container uagb-block-0r30ctok\">\n<div class=\"wp-block-uagb-info-box uagb-block-kjxqoge4 uagb-infobox__content-wrap  uagb-infobox-icon-above-title uagb-infobox-image-valign-top\"><div class=\"uagb-ifb-content\"><div class=\"uagb-ifb-title-wrap\"><\/div><p class=\"uagb-ifb-desc\">A lo largo de los a\u00f1os, UCAL ha sido guiada por presidentes comprometidos que han dejado una huella significativa en nuestra organizaci\u00f3n, impulsando nuestra misi\u00f3n con dedicaci\u00f3n. Cada uno de ellos ha contribuido al crecimiento y fortalecimiento de nuestra comunidad, promoviendo una conexi\u00f3n continua entre Argentina y L\u00edbano.<\/p><\/div><\/div>\n<\/div>\n\n\n\n<div class=\"wp-block-uagb-separator uagb-block-saul7itf\"><div class=\"uagb-separator-spacing-wrapper\"><div class=\"wp-block-uagb-separator__inner\" style=\"--my-background-image:\"><\/div><\/div><\/div>\n\n\n\n<div class=\"wp-block-uagb-container uagb-block-i0tarcis\">\n<div class=\"wp-block-uagb-info-box uagb-block-kioe3knc uagb-infobox__content-wrap  uagb-infobox-icon-above-title uagb-infobox-image-valign-top\"><div class=\"uagb-ifb-content\"><div class=\"uagb-ifb-title-wrap\"><p class=\"uagb-ifb-title\"><strong>Presidentes<\/strong> <\/p><\/div><p class=\"uagb-ifb-desc\">\u25cf Alfredo Garibaldi Abud<br>\u25cf Emilio R. Echen<\/p><\/div><\/div>\n\n\n\n<div class=\"wp-block-uagb-info-box uagb-block-mrvotsvu uagb-infobox__content-wrap  uagb-infobox-icon-above-title uagb-infobox-image-valign-top\"><div class=\"uagb-ifb-content\"><div class=\"uagb-ifb-title-wrap\"><\/div><p class=\"uagb-ifb-desc\">\u25cf Alexandre Adem<br>\u25cf Gonzalo Hermida<br>\u25cf Juan Alem<br>\u25cf Maron Curi<\/p><\/div><\/div>\n\n\n\n<div class=\"wp-block-uagb-info-box uagb-block-dcchxfxo uagb-infobox__content-wrap  uagb-infobox-icon-above-title uagb-infobox-image-valign-top\"><div class=\"uagb-ifb-content\"><div class=\"uagb-ifb-title-wrap\"><\/div><p class=\"uagb-ifb-desc\">\u25cf 2011 &#8211; 2013: Hern\u00e1n Echen<br>\u25cf 2013 &#8211; 2015: N\u00e9stor Hage<br>\u25cf 2015 &#8211; 2017: Ernesto Saliba<br>\u25cf 2017 &#8211; 2019: Antonio Mar\u00f3n Aon<\/p><\/div><\/div>\n\n\n\n<div class=\"wp-block-uagb-info-box uagb-block-kvweg8ne uagb-infobox__content-wrap  uagb-infobox-icon-above-title uagb-infobox-image-valign-top\"><div class=\"uagb-ifb-content\"><div class=\"uagb-ifb-title-wrap\"><\/div><p class=\"uagb-ifb-desc\">\u25cf 2019 &#8211; 2021: Marcelo Chain<br>\u25cf 2021 &#8211; 2023: \u00c1ngel Gabriel Abait<br>\u25cf 2023 &#8211; 2027: Fernando Bugosen<\/p><\/div><\/div>\n<\/div>\n<\/div><\/div>\n\n\n\n<p><\/p>\n\n\n\n<div class=\"wp-block-uagb-container uagb-block-h1vnb23w alignfull uagb-is-root-container\"><div class=\"uagb-container-inner-blocks-wrap\">\n<div class=\"wp-block-uagb-info-box uagb-block-9zqnm4wg uagb-infobox__content-wrap  uagb-infobox-icon-above-title uagb-infobox-image-valign-top\"><div class=\"uagb-ifb-content\"><div class=\"uagb-ifb-icon-wrap\"><svg xmlns=\"https:\/\/www.w3.org\/2000\/svg\" viewBox=\"0 0 512 512\"><path d=\"M288 256C288 273.7 273.7 288 256 288C238.3 288 224 273.7 224 256C224 238.3 238.3 224 256 224C273.7 224 288 238.3 288 256zM0 256C0 114.6 114.6 0 256 0C397.4 0 512 114.6 512 256C512 397.4 397.4 512 256 512C114.6 512 0 397.4 0 256zM325.1 306.7L380.6 162.4C388.1 142.1 369 123.9 349.6 131.4L205.3 186.9C196.8 190.1 190.1 196.8 186.9 205.3L131.4 349.6C123.9 369 142.1 388.1 162.4 380.6L306.7 325.1C315.2 321.9 321.9 315.2 325.1 306.7V306.7z\"><\/path><\/svg><\/div><div class=\"uagb-ifb-title-wrap\"><h1 class=\"uagb-ifb-title\">Nuestra Visi\u00f3n de Futuro<\/h1><\/div><\/div><\/div>\n\n\n\n<div class=\"wp-block-uagb-info-box uagb-block-vky7ejnm uagb-infobox__content-wrap  uagb-infobox-icon-above-title uagb-infobox-image-valign-top\"><div class=\"uagb-ifb-content\"><div class=\"uagb-ifb-title-wrap\"><\/div><p class=\"uagb-ifb-desc\">La UCAL sigue siendo un faro para la comunidad de libaneses en Argentina, trabajando para que las futuras generaciones se mantengan conectadas con sus ra\u00edces y la herencia cultural libanesa. Nos esforzamos por ser una organizaci\u00f3n inclusiva, por celebrar nuestra herencia y acoger nuevas ideas, construyendo puentes entre Argentina y L\u00edbano para un futuro compartido y enriquecedor.<\/p><\/div><\/div>\n<\/div><\/div>\n\n\n\n<p><\/p>\n","protected":false},"excerpt":{"rendered":"","protected":false},"author":1,"featured_media":0,"parent":0,"menu_order":0,"comment_status":"closed","ping_status":"closed","template":"","meta":{"_uag_custom_page_level_css":"","site-sidebar-layout":"default","site-content-layout":"","ast-site-content-layout":"default","site-content-style":"default","site-sidebar-style":"default","ast-global-header-display":"","ast-banner-title-visibility":"","ast-main-header-display":"","ast-hfb-above-header-display":"","ast-hfb-below-header-display":"","ast-hfb-mobile-header-display":"","site-post-title":"disabled","ast-breadcrumbs-content":"","ast-featured-img":"","footer-sml-layout":"","ast-disable-related-posts":"","theme-transparent-header-meta":"","adv-header-id-meta":"","stick-header-meta":"","header-above-stick-meta":"","header-main-stick-meta":"","header-below-stick-meta":"","astra-migrate-meta-layouts":"set","ast-page-background-enabled":"default","ast-page-background-meta":{"desktop":{"background-color":"var(--ast-global-color-4)","background-image":"","background-repeat":"repeat","background-position":"center center","background-size":"auto","background-attachment":"scroll","background-type":"","background-media":"","overlay-type":"","overlay-color":"","overlay-opacity":"","overlay-gradient":""},"tablet":{"background-color":"","background-image":"","background-repeat":"repeat","background-position":"center center","background-size":"auto","background-attachment":"scroll","background-type":"","background-media":"","overlay-type":"","overlay-color":"","overlay-opacity":"","overlay-gradient":""},"mobile":{"background-color":"","background-image":"","background-repeat":"repeat","background-position":"center center","background-size":"auto","background-attachment":"scroll","background-type":"","background-media":"","overlay-type":"","overlay-color":"","overlay-opacity":"","overlay-gradient":""}},"ast-content-background-meta":{"desktop":{"background-color":"var(--ast-global-color-5)","background-image":"","background-repeat":"repeat","background-position":"center center","background-size":"auto","background-attachment":"scroll","background-type":"","background-media":"","overlay-type":"","overlay-color":"","overlay-opacity":"","overlay-gradient":""},"tablet":{"background-color":"var(--ast-global-color-5)","background-image":"","background-repeat":"repeat","background-position":"center center","background-size":"auto","background-attachment":"scroll","background-type":"","background-media":"","overlay-type":"","overlay-color":"","overlay-opacity":"","overlay-gradient":""},"mobile":{"background-color":"var(--ast-global-color-5)","background-image":"","background-repeat":"repeat","background-position":"center center","background-size":"auto","background-attachment":"scroll","background-type":"","background-media":"","overlay-type":"","overlay-color":"","overlay-opacity":"","overlay-gradient":""}},"footnotes":""},"class_list":["post-591","page","type-page","status-publish","hentry"],"uagb_featured_image_src":{"full":false,"thumbnail":false,"medium":false,"medium_large":false,"large":false,"1536x1536":false,"2048x2048":false},"uagb_author_info":{"display_name":"ulcsyhg_ucal","author_link":"https:\/\/www.ucalnacional.org\/index.php\/author\/ulcsyhg_ucal\/"},"uagb_comment_info":0,"uagb_excerpt":null,"_links":{"self":[{"href":"https:\/\/www.ucalnacional.org\/index.php\/wp-json\/wp\/v2\/pages\/591","targetHints":{"allow":["GET"]}}],"collection":[{"href":"https:\/\/www.ucalnacional.org\/index.php\/wp-json\/wp\/v2\/pages"}],"about":[{"href":"https:\/\/www.ucalnacional.org\/index.php\/wp-json\/wp\/v2\/types\/page"}],"author":[{"embeddable":true,"href":"https:\/\/www.ucalnacional.org\/index.php\/wp-json\/wp\/v2\/users\/1"}],"replies":[{"embeddable":true,"href":"https:\/\/www.ucalnacional.org\/index.php\/wp-json\/wp\/v2\/comments?post=591"}],"version-history":[{"count":26,"href":"https:\/\/www.ucalnacional.org\/index.php\/wp-json\/wp\/v2\/pages\/591\/revisions"}],"predecessor-version":[{"id":1292,"href":"https:\/\/www.ucalnacional.org\/index.php\/wp-json\/wp\/v2\/pages\/591\/revisions\/1292"}],"wp:attachment":[{"href":"https:\/\/www.ucalnacional.org\/index.php\/wp-json\/wp\/v2\/media?parent=591"}],"curies":[{"name":"wp","href":"https:\/\/api.w.org\/{rel}","templated":true}]}}