{"id":589,"date":"2017-12-14T19:36:58","date_gmt":"2017-12-14T19:36:58","guid":{"rendered":"http:\/\/etowers-30.net\/~ulcsyhg\/?page_id=589"},"modified":"2026-03-16T14:49:21","modified_gmt":"2026-03-16T14:49:21","slug":"nuestra-mision","status":"publish","type":"page","link":"https:\/\/www.ucalnacional.org\/","title":{"rendered":"\u00a1Ahla u sahla! &#8211;  Bienvenidos"},"content":{"rendered":"\n<div class=\"wp-block-uagb-container uagb-block-iumojob0 alignfull uagb-is-root-container\"><div class=\"uagb-container-inner-blocks-wrap\">\n<div class=\"wp-block-uagb-container uagb-block-e9b4e01c\">\n<div class=\"wp-block-uagb-image uagb-block-c8729c82 wp-block-uagb-image--layout-default wp-block-uagb-image--effect-static wp-block-uagb-image--align-none\"><figure class=\"wp-block-uagb-image__figure\"><img decoding=\"async\" srcset=\"https:\/\/www.ucalnacional.org\/wp-content\/uploads\/2025\/06\/Logo-UCLM-sx.png ,https:\/\/www.ucalnacional.org\/wp-content\/uploads\/2025\/06\/Logo-UCLM-sx.png 780w, https:\/\/www.ucalnacional.org\/wp-content\/uploads\/2025\/06\/Logo-UCLM-sx.png 360w\" sizes=\"auto, (max-width: 480px) 150px\" src=\"https:\/\/www.ucalnacional.org\/wp-content\/uploads\/2025\/06\/Logo-UCLM-sx.png\" alt=\"\" class=\"uag-image-1166\" width=\"120\" height=\"110\" title=\"Logo UCLM sx\" loading=\"lazy\" role=\"img\"\/><\/figure><\/div>\n<\/div>\n\n\n\n<div class=\"wp-block-uagb-info-box uagb-block-sylf7ywl uagb-infobox__content-wrap  uagb-infobox-icon-above-title uagb-infobox-image-valign-top\"><div class=\"uagb-ifb-content\"><div class=\"uagb-ifb-title-wrap\"><p class=\"uagb-ifb-title-prefix\">fundada en 1972<\/p><h1 class=\"uagb-ifb-title\">UNI\u00d3N CULTURAL ARGENTINO LIBANESA<\/h1><\/div><p class=\"uagb-ifb-desc\">Preservamos, promovemos y celebramos la rica herencia cultural libanesa en Argentina, fortaleciendo los lazos entre nuestra comunidad y sus ra\u00edces en el L\u00edbano.<\/p><\/div><\/div>\n\n\n\n<div class=\"wp-block-uagb-buttons uagb-buttons__outer-wrap uagb-btn__default-btn uagb-btn-tablet__default-btn uagb-btn-mobile__default-btn uagb-block-qapkjqfz\"><div class=\"uagb-buttons__wrap uagb-buttons-layout-wrap \">\n<div class=\"wp-block-uagb-buttons-child uagb-buttons__outer-wrap uagb-block-73enceqb wp-block-button\"><div class=\"uagb-button__wrapper\"><a class=\"uagb-buttons-repeater wp-block-button__link\" aria-label=\"\" href=\"https:\/\/www.ucalnacional.org\/index.php\/autoridades\/\" rel=\"follow noopener\" target=\"_self\" role=\"button\"><div class=\"uagb-button__link\">Conoc\u00e9 m\u00e1s sobre nosotros<\/div><\/a><\/div><\/div>\n<\/div><\/div>\n<\/div><\/div>\n\n\n\n<p><\/p>\n\n\n\n<div class=\"wp-block-uagb-container uagb-block-8fa86f64 alignfull uagb-is-root-container\"><div class=\"uagb-container-inner-blocks-wrap\">\n<div class=\"wp-block-uagb-container uagb-block-fa198341\">\n<div class=\"wp-block-uagb-advanced-heading uagb-block-bd9b2c09\"><h2 class=\"uagb-heading-text\">\u00a1Ahla u sahla! &#8211;  Bienvenidos<\/h2><\/div>\n\n\n\n<p>La <strong>Uni\u00f3n Cultural Argentino Libanesa (UCAL)<\/strong> es una organizaci\u00f3n dedicada a preservar, promover y celebrar la rica herencia cultural libanesa en Argentina. Fundada el 6 de junio de 1972 en Buenos Aires, bajo los principios de la <strong>Uni\u00f3n Libanesa Cultural Mundial (ULCM)<\/strong>, nuestra misi\u00f3n es fortalecer los lazos entre la comunidad libanesa en Argentina y sus ra\u00edces en el L\u00edbano, mientras fomentamos un intercambio cultural enriquecedor entre ambos pa\u00edses.<\/p>\n<\/div>\n\n\n\n<div class=\"wp-block-uagb-container uagb-block-9ddd5903\">\n<figure class=\"wp-block-image size-large\"><img loading=\"lazy\" decoding=\"async\" width=\"1024\" height=\"602\" src=\"https:\/\/www.ucalnacional.org\/wp-content\/uploads\/2025\/06\/WhatsApp-Image-2025-06-11-at-17.09.42-1024x602.jpeg\" alt=\"\" class=\"wp-image-1188\" srcset=\"https:\/\/www.ucalnacional.org\/wp-content\/uploads\/2025\/06\/WhatsApp-Image-2025-06-11-at-17.09.42-1024x602.jpeg 1024w, https:\/\/www.ucalnacional.org\/wp-content\/uploads\/2025\/06\/WhatsApp-Image-2025-06-11-at-17.09.42-300x176.jpeg 300w, https:\/\/www.ucalnacional.org\/wp-content\/uploads\/2025\/06\/WhatsApp-Image-2025-06-11-at-17.09.42-768x451.jpeg 768w, https:\/\/www.ucalnacional.org\/wp-content\/uploads\/2025\/06\/WhatsApp-Image-2025-06-11-at-17.09.42-1536x902.jpeg 1536w, https:\/\/www.ucalnacional.org\/wp-content\/uploads\/2025\/06\/WhatsApp-Image-2025-06-11-at-17.09.42.jpeg 1600w\" sizes=\"auto, (max-width: 1024px) 100vw, 1024px\" \/><\/figure>\n<\/div>\n<\/div><\/div>\n\n\n\n<p><\/p>\n\n\n\n<div class=\"wp-block-uagb-container uagb-block-2mchm2av alignfull uagb-is-root-container\"><div class=\"uagb-container-inner-blocks-wrap\">\n<div class=\"wp-block-uagb-info-box uagb-block-bnidsvnc uagb-infobox__content-wrap  uagb-infobox-icon-above-title uagb-infobox-image-valign-top\"><div class=\"uagb-ifb-content\"><div class=\"uagb-ifb-title-wrap\"><h2 class=\"uagb-ifb-title\">Nuestro Prop\u00f3sito<\/h2><\/div><p class=\"uagb-ifb-desc\">Construimos un espacio de encuentro para la colectividad libanesa en Argentina. <\/p><\/div><\/div>\n\n\n\n<div class=\"wp-block-uagb-container uagb-block-hqfwhhpw\">\n<div class=\"wp-block-uagb-container uagb-block-qds5krtd\">\n<div class=\"wp-block-uagb-info-box uagb-block-egq8dndr uagb-infobox__content-wrap  uagb-infobox-icon-above-title uagb-infobox-image-valign-top\"><div class=\"uagb-ifb-content\"><div class=\"uagb-ifb-icon-wrap\"><svg xmlns=\"https:\/\/www.w3.org\/2000\/svg\" viewBox=\"0 0 512 512\"><path d=\"M0 190.9V185.1C0 115.2 50.52 55.58 119.4 44.1C164.1 36.51 211.4 51.37 244 84.02L256 96L267.1 84.02C300.6 51.37 347 36.51 392.6 44.1C461.5 55.58 512 115.2 512 185.1V190.9C512 232.4 494.8 272.1 464.4 300.4L283.7 469.1C276.2 476.1 266.3 480 256 480C245.7 480 235.8 476.1 228.3 469.1L47.59 300.4C17.23 272.1 .0003 232.4 .0003 190.9L0 190.9z\"><\/path><\/svg><\/div><div class=\"uagb-ifb-title-wrap\"><h3 class=\"uagb-ifb-title\">Preservar Tradiciones<\/h3><\/div><p class=\"uagb-ifb-desc\">Mantenemos vivas las costumbres y tradiciones libanesas, transmiti\u00e9ndolas a las nuevas generaciones.<\/p><\/div><\/div>\n<\/div>\n\n\n\n<div class=\"wp-block-uagb-container uagb-block-eclo7kgo\">\n<div class=\"wp-block-uagb-info-box uagb-block-7icqm0l0 uagb-infobox__content-wrap  uagb-infobox-icon-above-title uagb-infobox-image-valign-top\"><div class=\"uagb-ifb-content\"><div class=\"uagb-ifb-icon-wrap\"><svg xmlns=\"https:\/\/www.w3.org\/2000\/svg\" viewBox=\"0 0 512 512\"><path d=\"M352 256C352 278.2 350.8 299.6 348.7 320H163.3C161.2 299.6 159.1 278.2 159.1 256C159.1 233.8 161.2 212.4 163.3 192H348.7C350.8 212.4 352 233.8 352 256zM503.9 192C509.2 212.5 512 233.9 512 256C512 278.1 509.2 299.5 503.9 320H380.8C382.9 299.4 384 277.1 384 256C384 234 382.9 212.6 380.8 192H503.9zM493.4 160H376.7C366.7 96.14 346.9 42.62 321.4 8.442C399.8 29.09 463.4 85.94 493.4 160zM344.3 160H167.7C173.8 123.6 183.2 91.38 194.7 65.35C205.2 41.74 216.9 24.61 228.2 13.81C239.4 3.178 248.7 0 256 0C263.3 0 272.6 3.178 283.8 13.81C295.1 24.61 306.8 41.74 317.3 65.35C328.8 91.38 338.2 123.6 344.3 160H344.3zM18.61 160C48.59 85.94 112.2 29.09 190.6 8.442C165.1 42.62 145.3 96.14 135.3 160H18.61zM131.2 192C129.1 212.6 127.1 234 127.1 256C127.1 277.1 129.1 299.4 131.2 320H8.065C2.8 299.5 0 278.1 0 256C0 233.9 2.8 212.5 8.065 192H131.2zM194.7 446.6C183.2 420.6 173.8 388.4 167.7 352H344.3C338.2 388.4 328.8 420.6 317.3 446.6C306.8 470.3 295.1 487.4 283.8 498.2C272.6 508.8 263.3 512 255.1 512C248.7 512 239.4 508.8 228.2 498.2C216.9 487.4 205.2 470.3 194.7 446.6H194.7zM190.6 503.6C112.2 482.9 48.59 426.1 18.61 352H135.3C145.3 415.9 165.1 469.4 190.6 503.6V503.6zM321.4 503.6C346.9 469.4 366.7 415.9 376.7 352H493.4C463.4 426.1 399.8 482.9 321.4 503.6V503.6z\"><\/path><\/svg><\/div><div class=\"uagb-ifb-title-wrap\"><h3 class=\"uagb-ifb-title\">Conectar Culturas<\/h3><\/div><p class=\"uagb-ifb-desc\">Fomentamos el intercambio cultural entre Argentina y L\u00edbano, construyendo puentes entre ambas naciones.<\/p><\/div><\/div>\n<\/div>\n\n\n\n<div class=\"wp-block-uagb-container uagb-block-2j0k2qcz\">\n<div class=\"wp-block-uagb-info-box uagb-block-svx6psoc uagb-infobox__content-wrap  uagb-infobox-icon-above-title uagb-infobox-image-valign-top\"><div class=\"uagb-ifb-content\"><div class=\"uagb-ifb-icon-wrap\"><svg xmlns=\"https:\/\/www.w3.org\/2000\/svg\" viewBox=\"0 0 640 512\"><path d=\"M224 256c70.7 0 128-57.31 128-128S294.7 0 224 0C153.3 0 96 57.31 96 128S153.3 256 224 256zM274.7 304H173.3c-95.73 0-173.3 77.6-173.3 173.3C0 496.5 15.52 512 34.66 512H413.3C432.5 512 448 496.5 448 477.3C448 381.6 370.4 304 274.7 304zM479.1 320h-73.85C451.2 357.7 480 414.1 480 477.3C480 490.1 476.2 501.9 470 512h138C625.7 512 640 497.6 640 479.1C640 391.6 568.4 320 479.1 320zM432 256C493.9 256 544 205.9 544 144S493.9 32 432 32c-25.11 0-48.04 8.555-66.72 22.51C376.8 76.63 384 101.4 384 128c0 35.52-11.93 68.14-31.59 94.71C372.7 243.2 400.8 256 432 256z\"><\/path><\/svg><\/div><div class=\"uagb-ifb-title-wrap\"><h3 class=\"uagb-ifb-title\">Fortalecer Comunidad<\/h3><\/div><p class=\"uagb-ifb-desc\">Reunimos a la colectividad libanesa en todo el pa\u00eds, creando espacios de encuentro y di\u00e1logo.<\/p><\/div><\/div>\n<\/div>\n<\/div>\n<\/div><\/div>\n\n\n\n<div class=\"wp-block-uagb-container uagb-block-iaouewfm alignfull uagb-is-root-container\"><div class=\"uagb-container-inner-blocks-wrap\">\n<div class=\"wp-block-uagb-info-box uagb-block-bysytjis uagb-infobox__content-wrap  uagb-infobox-icon-above-title uagb-infobox-image-valign-top\"><div class=\"uagb-ifb-content\"><div class=\"uagb-ifb-title-wrap\"><h2 class=\"uagb-ifb-title\">Form\u00e1 parte de la Uni\u00f3n Cultural Argentino Libanesa (UCAL)<\/h2><\/div><p class=\"uagb-ifb-desc\">Si estas Interesado en conectarte con nosotros, Puedes hacerlo a trav\u00e9s de nuestras redes sociales o v\u00eda mail.<\/p><\/div><\/div>\n\n\n\n<div class=\"wp-block-uagb-container uagb-block-4160b0e8\">\n<div class=\"wp-block-uagb-buttons uagb-buttons__outer-wrap uagb-btn__default-btn uagb-btn-tablet__default-btn uagb-btn-mobile__default-btn uagb-block-bb0a5dc1\"><div class=\"uagb-buttons__wrap uagb-buttons-layout-wrap \">\n<div class=\"wp-block-uagb-buttons-child uagb-buttons__outer-wrap uagb-block-8c99327a wp-block-button\"><div class=\"uagb-button__wrapper\"><a class=\"uagb-buttons-repeater wp-block-button__link\" aria-label=\"\" href=\"https:\/\/www.ucalnacional.org\/index.php\/contacto\/\" rel=\"follow noopener\" target=\"_self\" role=\"button\"><div class=\"uagb-button__link\">Contactanos<\/div><\/a><\/div><\/div>\n<\/div><\/div>\n<\/div>\n<\/div><\/div>\n","protected":false},"excerpt":{"rendered":"<p>\u00a1Ahla u sahla! &#8211; Bienvenidos La Uni\u00f3n Cultural Argentino Libanesa (UCAL) es una organizaci\u00f3n dedicada a preservar, promover y celebrar la rica herencia cultural libanesa en Argentina. Fundada el 6 de junio de 1972 en Buenos Aires, bajo los principios de la Uni\u00f3n Libanesa Cultural Mundial (ULCM), nuestra misi\u00f3n es fortalecer los lazos entre la [&hellip;]<\/p>\n","protected":false},"author":1,"featured_media":0,"parent":0,"menu_order":0,"comment_status":"closed","ping_status":"closed","template":"","meta":{"_uag_custom_page_level_css":"","site-sidebar-layout":"default","site-content-layout":"","ast-site-content-layout":"default","site-content-style":"default","site-sidebar-style":"default","ast-global-header-display":"","ast-banner-title-visibility":"","ast-main-header-display":"","ast-hfb-above-header-display":"","ast-hfb-below-header-display":"","ast-hfb-mobile-header-display":"","site-post-title":"disabled","ast-breadcrumbs-content":"","ast-featured-img":"","footer-sml-layout":"","ast-disable-related-posts":"","theme-transparent-header-meta":"","adv-header-id-meta":"","stick-header-meta":"","header-above-stick-meta":"","header-main-stick-meta":"","header-below-stick-meta":"","astra-migrate-meta-layouts":"set","ast-page-background-enabled":"default","ast-page-background-meta":{"desktop":{"background-color":"var(--ast-global-color-4)","background-image":"","background-repeat":"repeat","background-position":"center center","background-size":"auto","background-attachment":"scroll","background-type":"","background-media":"","overlay-type":"","overlay-color":"","overlay-opacity":"","overlay-gradient":""},"tablet":{"background-color":"","background-image":"","background-repeat":"repeat","background-position":"center center","background-size":"auto","background-attachment":"scroll","background-type":"","background-media":"","overlay-type":"","overlay-color":"","overlay-opacity":"","overlay-gradient":""},"mobile":{"background-color":"","background-image":"","background-repeat":"repeat","background-position":"center center","background-size":"auto","background-attachment":"scroll","background-type":"","background-media":"","overlay-type":"","overlay-color":"","overlay-opacity":"","overlay-gradient":""}},"ast-content-background-meta":{"desktop":{"background-color":"var(--ast-global-color-5)","background-image":"","background-repeat":"repeat","background-position":"center center","background-size":"auto","background-attachment":"scroll","background-type":"","background-media":"","overlay-type":"","overlay-color":"","overlay-opacity":"","overlay-gradient":""},"tablet":{"background-color":"var(--ast-global-color-5)","background-image":"","background-repeat":"repeat","background-position":"center center","background-size":"auto","background-attachment":"scroll","background-type":"","background-media":"","overlay-type":"","overlay-color":"","overlay-opacity":"","overlay-gradient":""},"mobile":{"background-color":"var(--ast-global-color-5)","background-image":"","background-repeat":"repeat","background-position":"center center","background-size":"auto","background-attachment":"scroll","background-type":"","background-media":"","overlay-type":"","overlay-color":"","overlay-opacity":"","overlay-gradient":""}},"footnotes":""},"class_list":["post-589","page","type-page","status-publish","hentry"],"uagb_featured_image_src":{"full":false,"thumbnail":false,"medium":false,"medium_large":false,"large":false,"1536x1536":false,"2048x2048":false},"uagb_author_info":{"display_name":"ulcsyhg_ucal","author_link":"https:\/\/www.ucalnacional.org\/index.php\/author\/ulcsyhg_ucal\/"},"uagb_comment_info":0,"uagb_excerpt":"\u00a1Ahla u sahla! &#8211; Bienvenidos La Uni\u00f3n Cultural Argentino Libanesa (UCAL) es una organizaci\u00f3n dedicada a preservar, promover y celebrar la rica herencia cultural libanesa en Argentina. Fundada el 6 de junio de 1972 en Buenos Aires, bajo los principios de la Uni\u00f3n Libanesa Cultural Mundial (ULCM), nuestra misi\u00f3n es fortalecer los lazos entre la&hellip;","_links":{"self":[{"href":"https:\/\/www.ucalnacional.org\/index.php\/wp-json\/wp\/v2\/pages\/589","targetHints":{"allow":["GET"]}}],"collection":[{"href":"https:\/\/www.ucalnacional.org\/index.php\/wp-json\/wp\/v2\/pages"}],"about":[{"href":"https:\/\/www.ucalnacional.org\/index.php\/wp-json\/wp\/v2\/types\/page"}],"author":[{"embeddable":true,"href":"https:\/\/www.ucalnacional.org\/index.php\/wp-json\/wp\/v2\/users\/1"}],"replies":[{"embeddable":true,"href":"https:\/\/www.ucalnacional.org\/index.php\/wp-json\/wp\/v2\/comments?post=589"}],"version-history":[{"count":24,"href":"https:\/\/www.ucalnacional.org\/index.php\/wp-json\/wp\/v2\/pages\/589\/revisions"}],"predecessor-version":[{"id":1355,"href":"https:\/\/www.ucalnacional.org\/index.php\/wp-json\/wp\/v2\/pages\/589\/revisions\/1355"}],"wp:attachment":[{"href":"https:\/\/www.ucalnacional.org\/index.php\/wp-json\/wp\/v2\/media?parent=589"}],"curies":[{"name":"wp","href":"https:\/\/api.w.org\/{rel}","templated":true}]}}